{"id":18281,"date":"2024-08-06T05:27:06","date_gmt":"2024-08-06T05:27:06","guid":{"rendered":"https:\/\/www.cybarverse.eu\/academiile-cybarverse\/"},"modified":"2024-10-03T13:20:44","modified_gmt":"2024-10-03T13:20:44","slug":"academiile-cybarverse","status":"publish","type":"page","link":"https:\/\/www.cybarverse.eu\/ro\/academiile-cybarverse\/","title":{"rendered":"Academia CybARverse Rom\u00e2nia"},"content":{"rendered":"<p><img loading=\"lazy\" decoding=\"async\" class=\"alignnone size-full wp-image-19262\" src=\"https:\/\/www.cybarverse.eu\/wp-content\/uploads\/2024\/08\/eos-logo-with-strapline.jpg\" alt=\"\" width=\"200\" height=\"100\" \/><\/p>\n<h3><strong>Invit\u0103m <span style=\"text-decoration: underline;\">educatorii \u0219i formatorii din sectorul VET (\u00cenv\u0103\u0163\u0103m\u00e2ntul liceal tehnologic \u015fi voca\u0163ional)<\/span> s\u0103 exploreze gama noastr\u0103 de servicii \u0219i resurse concepute pentru a le \u00eembun\u0103t\u0103\u021bi cuno\u0219tin\u021bele \u0219i abilit\u0103\u021bile \u00een domeniul securit\u0103\u021bii cibernetice. <\/strong><\/h3>\n<p>Pentru mai multe informa\u021bii sau pentru a programa o \u00eent\u00e2lnire, v\u0103 rug\u0103m s\u0103 ne contacta\u021bi la:<\/p>\n<ul>\n<li>Email: <a href=\"mailto:office@eos.ro\">office@eos.ro<\/a><\/li>\n<li>Telefon: +40 774 698 193<\/li>\n<li>Adres\u0103: <a href=\"https:\/\/maps.app.goo.gl\/caAURZbNuxqjFQtQ6\" target=\"_blank\" rel=\"noopener\">Loca\u021bia noastr\u0103<\/a><\/li>\n<\/ul>\n<p>&nbsp;<\/p>\n<p><img loading=\"lazy\" decoding=\"async\" class=\"alignnone wp-image-20631 size-full\" src=\"https:\/\/www.cybarverse.eu\/wp-content\/uploads\/2024\/10\/CybARverse-Promo-Ideas.png\" alt=\"\" width=\"1920\" height=\"1080\" srcset=\"https:\/\/www.cybarverse.eu\/wp-content\/uploads\/2024\/10\/CybARverse-Promo-Ideas.png 1920w, https:\/\/www.cybarverse.eu\/wp-content\/uploads\/2024\/10\/CybARverse-Promo-Ideas-300x169.png 300w, https:\/\/www.cybarverse.eu\/wp-content\/uploads\/2024\/10\/CybARverse-Promo-Ideas-1024x576.png 1024w, https:\/\/www.cybarverse.eu\/wp-content\/uploads\/2024\/10\/CybARverse-Promo-Ideas-768x432.png 768w, https:\/\/www.cybarverse.eu\/wp-content\/uploads\/2024\/10\/CybARverse-Promo-Ideas-1536x864.png 1536w\" sizes=\"auto, (max-width: 1920px) 100vw, 1920px\" \/><\/p>\n<h2><strong>Ofertele noastre educa\u021bionale<\/strong><\/h2>\n<ul>\n<li><strong>Siguran\u021ba \u0219i securitatea cibernetic\u0103 \u2013 elemente introductive (curs online)<\/strong><\/li>\n<\/ul>\n<p>Acest curs ofer\u0103 pentru \u00eencep\u0103tori o introducere \u00een domeniul siguran\u021bei \u0219i securit\u0103\u021bii cibernetice, abord\u00e2nd diferite tipuri de atacuri precum cele cu malware, de inginerie social\u0103, tactici de manipulare, amenin\u021b\u0103ri asociate re\u021belelor sociale, phishing, \u0219i atacuri asupra dispozitivelor conectate la Internetul Lucrurilor (IoT). Cursul se \u00eencheie cu un examen, menit s\u0103 verifice nivelul de cuno\u0219tin\u021be dob\u00e2ndite.<\/p>\n<p>Materialele sunt disponibile online, oferindu-v\u0103 posibilitatea de a studia \u00een func\u021bie de propriul program. <a href=\"https:\/\/www.cybarverse.eu\/ro\/courses\/curs-de-securitate-cibernetica-pentru-formatori-vet-nivel-incepator\/\">Cursul este disponibil aici<\/a><\/p>\n<ul>\n<li><strong>\u00a0<\/strong><strong>Siguran\u021ba \u0219i securitatea cibernetic\u0103 \u2013 concepte esen\u021biale<\/strong><\/li>\n<\/ul>\n<p>Acest curs de nivel intermediar exploreaz\u0103 amenin\u021b\u0103rile avansate de securitate cibernetic\u0103, incluz\u00e2nd atacurile cu ransomware, rootkits, pharming, cryptojacking, scripturile cross-site \u0219i injec\u021biile SQL. Pentru profesorii \u0219i formatorii VET care doresc s\u0103 predea acest curs elevilor sau cursan\u021bilor lor, fiecare subiect este \u00eenso\u021bit de un plan detaliat de lec\u021bii pentru a exersa \u0219i \u00een\u021belege aceste tipuri de atacuri. Cursul se \u00eencheie cu un examen, menit s\u0103 verifice cuno\u0219tin\u021bele acumulate.<\/p>\n<p>Materialele sunt disponibile online, oferindu-v\u0103 posibilitatea de a studia \u00een func\u021bie de propriul program. <a href=\"https:\/\/www.cybarverse.eu\/ro\/courses\/curs-de-securitate-cibernetica-pentru-formatori-vet-nivel-intermediar\/\">Cursul este disponibil aici<\/a>.<\/p>\n<ul>\n<li><strong>\u00a0<\/strong><strong>Siguran\u021ba \u0219i securitatea cibernetic\u0103 \u2013 no\u021biuni aprofundate<\/strong><\/li>\n<\/ul>\n<p>Acest curs avansat se concentreaz\u0103 pe amenin\u021b\u0103ri complexe de securitate cibernetic\u0103, precum atacurile de tip intermediar inserat (man-in-the-middle), vulnerabilit\u0103\u021bile asociate cu Internetul Lucrurilor (IoT), exploatarea vulnerabilit\u0103\u021bilor zero-day, precum \u0219i atacurile de tipul Refuzarea serviciilor (DoS) \u0219i Atacul distribuit tip Refuzarea serviciilor (DDoS). Pentru profesorii \u0219i formatorii VET care doresc s\u0103 predea acest curs elevilor sau cursan\u021bilor lor, fiecare subiect este detaliat \u00een planuri de lec\u021bii care vizeaz\u0103 explorarea \u0219i reducerea acestor riscuri. Cursul se \u00eencheie cu un examen, menit s\u0103 verifice cuno\u0219tin\u021bele acumulate.<\/p>\n<p>Materialele sunt disponibile online, oferindu-v\u0103 posibilitatea de a studia \u00een func\u021bie de propriul program. <a href=\"https:\/\/www.cybarverse.eu\/ro\/courses\/curs-de-securitate-cibernetica-pentru-formatori-vet-advanced-level\/\">Cursul este disponibil aici<\/a>.<\/p>\n<ul>\n<li><strong> Securitate cibernetic\u0103 \u2013 Specialist IT (curs online &amp; certificare Certiport) <\/strong><\/li>\n<\/ul>\n<p>Acest curs este destinat formatorilor \u0219i educatorilor din domeniul VET care doresc s\u0103 devin\u0103 tehnicieni sau anali\u0219ti juniori \u00een domeniul securit\u0103\u021bii cibernetice. Prin urmarea acestui curs, participan\u021bii vor \u00een\u021belege principiile fundamentale ale securit\u0103\u021bii, cadrele de lucru relevante \u0219i mentalitatea necesar\u0103 \u00een domeniu. Cursan\u021bii vor dezvolta o con\u0219tientizare acut\u0103 a modului \u00een care vulnerabilit\u0103\u021bile pot expune o companie la incidente de securitate \u0219i cum respectarea principiilor de securitate \u0219i implementarea unor standarde pot ajuta la reducerea riscului de atac.<\/p>\n<p>La finalizarea cursului, cursan\u021bii vor avea oportunitatea de a ob\u021bine certificarea \u00een domeniul securit\u0103\u021bii cibernetice, demonstr\u00e2nd astfel c\u0103 au dob\u00e2ndit competen\u021bele necesare pentru a se lansa \u00een aceast\u0103 carier\u0103 dinamic\u0103 \u0219i esen\u021bial\u0103.<\/p>\n<p>Pentru mai multe detalii despre curs \u0219i certificare, accesa\u021bi acest <a href=\"https:\/\/certiport.pearsonvue.com\/Certifications\/ITSpecialist\/Certification\/Certify\">link<\/a><\/p>\n<ul>\n<li><strong> Specialist IT \u2013 Curs Avansat de Securitate \u00een Re\u021bele 9 (curs online &amp; certificare Certiport)<\/strong><\/li>\n<\/ul>\n<p>Acest curs avansat este conceput pentru a preg\u0103ti cursan\u021bii s\u0103 abordeze amenin\u021b\u0103rile complexe \u00een domeniul securit\u0103\u021bii cibernetice, acoperind at\u00e2t principii fundamentale de securitate, c\u00e2t \u0219i tehnici specifice de protec\u021bie a re\u021belelor \u0219i sistemelor informatice. Cursan\u021bii vor explora subiecte precum securitatea sistemelor de operare, protec\u021bia dispozitivelor \u00een re\u021bea, criptarea datelor \u0219i securitatea aplica\u021biilor web, incluz\u00e2nd gestionarea vulnerabilit\u0103\u021bilor de tip zero-day, atacurile DoS\/DDoS, \u0219i multe altele. De asemenea, vor \u00eenv\u0103\u021ba despre importan\u021ba audit\u0103rii \u0219i a politicilor de autentificare \u00een doi pa\u0219i (multi -factor), elemente esen\u021biale pentru orice profesionist \u00een securitatea informa\u021biilor.<\/p>\n<p>Dup\u0103 finalizarea cursului, participan\u021bii vor avea oportunitatea de a da un examen pentru ob\u021binerea certific\u0103rii de specialist \u00een securitatea re\u021belelor. Aceast\u0103 certificare valideaz\u0103 c\u0103 de\u021bin\u0103torul s\u0103u posed\u0103 cuno\u0219tin\u021bele \u0219i abilit\u0103\u021bile necesare pentru a securiza infrastructuri critice \u0219i pentru a r\u0103spunde eficient la incidente de securitate.<\/p>\n<p>Pentru mai multe detalii despre curs \u0219i certificare, accesa\u021bi acest <a href=\"https:\/\/certiport.filecamp.com\/s\/SrAFlSAfRRFEnQBu\/fi\">link<\/a><\/p>\n<ul>\n<li><strong> Tehnician de suport (curs online &amp; certificare Certiport) <\/strong><\/li>\n<\/ul>\n<p>Cursul \u0219i certificarea pentru programul Tehnician de suport Cisco este compus din trei examene: CCST IT Support, CCST Networking \u0219i CCST Cybersecurity. Aceste examene valideaz\u0103 competen\u021bele \u0219i cuno\u0219tin\u021bele esen\u021biale pentru \u00eenceperea \u0219i avansarea \u00een trei dintre cele mai solicitate domenii IT. Fiecare examen acoper\u0103 domenii specifice, preg\u0103tind cursan\u021bii pentru provoc\u0103rile profesionale \u00een suportul IT, re\u021belistic\u0103 \u0219i securitate cibernetic\u0103. Prin CCST IT Support, ve\u021bi \u00eenv\u0103\u021ba despre sarcinile \u0219i responsabilit\u0103\u021bile jobului, problemele hardware, conectivitatea, sistemul de operare \u0219i aplica\u021bii, amenin\u021b\u0103ri comune \u0219i preven\u021bia acestora.<\/p>\n<p>Prin examenul CCST Networking, cursan\u021bii vor aprofunda standardele de re\u021belistic\u0103, adresarea \u0219i formatele de subnet, precum \u0219i securitatea infrastructurii de re\u021bea. \u00cen cadrul CCST Cybersecurity, cursan\u021bii vor explora principiile esen\u021biale de securitate, conceptele de baz\u0103 ale securit\u0103\u021bii re\u021belei \u0219i ale endpoint-urilor, evaluarea vulnerabilit\u0103\u021bilor \u0219i managementul riscurilor, preg\u0103tindu-se astfel pentru gestionarea incidentelor de securitate.<\/p>\n<p>Pentru mai multe detalii despre curs \u0219i certificare, accesa\u021bi acest <a href=\"https:\/\/certiport.pearsonvue.com\/Certifications\/Cisco\/Certified-Support-Technician\/Certify\">link<\/a><\/p>\n<ul>\n<li><strong> Elemente fundamentale privind securitatea, conformitatea \u0219i identitatea \u2013 (curs online &amp; certificare Certiport) <\/strong><\/li>\n<\/ul>\n<p>Cursul \u201eElemente fundamentale privind securitatea, conformitatea \u0219i identitatea\u201d este conceput pentru a oferi o baz\u0103 solid\u0103 \u00een ceea ce prive\u0219te securitatea, conformitatea \u0219i gestionarea identit\u0103\u021bilor \u00een serviciile Microsoft bazate pe cloud \u0219i conexe. Acesta poate fi urmat de educatorii din domeniul VET care sunt interesa\u021bi de solu\u021biile Microsoft pentru securitate, conformitate \u0219i identitate. Cursul acoper\u0103 conceptele esen\u021biale de securitate \u0219i conformitate, modelul de responsabilitate partajat\u0103, principiile modelului Zero Trust, precum \u0219i concepte avansate de criptografie \u0219i GRC (Governance, Risk, and Compliance).<\/p>\n<p>Pe l\u00e2ng\u0103 aspectele teoretice, cursul exploreaz\u0103 \u00een detaliu tehnologiile Microsoft specifice, cum ar fi Microsoft Entra pentru gestionarea identit\u0103\u021bilor \u0219i accesului, precum \u0219i Microsoft Defender pentru protec\u021bie \u00eempotriva amenin\u021b\u0103rilor. Participan\u021bii vor \u00eenv\u0103\u021ba s\u0103 descrie \u0219i s\u0103 utilizeze func\u021bionalit\u0103\u021bile de securitate \u0219i conformitate ale Microsoft 365 \u0219i Azure, preg\u0103tindu-se astfel s\u0103 implementeze \u0219i s\u0103 administreze solu\u021bii de securitate eficiente, capabile s\u0103 protejeze organiza\u021biile \u00een medii digitale \u00een continu\u0103 evolu\u021bie.<\/p>\n<p>Pentru mai multe detalii despre curs \u0219i certificare, accesa\u021bi acest <a href=\"https:\/\/learn.microsoft.com\/en-us\/credentials\/certifications\/resources\/study-guides\/sc-900#audience-profile\">link <\/a><\/p>\n<ul>\n<li><strong>Dezvoltator Certificat Unity pentru VR (curs online &amp; certificare)<\/strong><\/li>\n<\/ul>\n<p>Acest curs este conceput pentru cei care aspir\u0103 s\u0103 devin\u0103 dezvoltatori de realitate virtual\u0103, folosind platforma Unity. Certificarea evalueaz\u0103 abilitatea cursan\u021bilor de a concepe, construi \u0219i solu\u021biona probleme \u00een aplica\u021bii VR, acord\u00e2nd competen\u021be esen\u021biale \u00een manipularea interfe\u021bei \u0219i programarea \u00een Unity. Programul acoper\u0103 elementele cheie necesare pentru utilizarea Unity \u00een proiecte VR, inclusiv gestionarea resurselor, configurarea scenelor, dezvoltarea interfe\u021belor utilizator \u0219i programarea \u00een C#. Cursan\u021bii \u00eenva\u021b\u0103 s\u0103 ajusteze iluminatul \u0219i sunetul pentru scene, s\u0103 optimizeze performan\u021ba \u0219i s\u0103 respecte normele de siguran\u021b\u0103 pentru a preveni riscurile pentru s\u0103n\u0103tatea utilizatorilor.<\/p>\n<p>Cursul presupune peste 150 de ore de instruc\u021bie teoretic\u0103 \u0219i practic\u0103, preg\u0103tind cursan\u021bii pentru succesul \u00een examenul de certificare. Programul include studiul tehnicilor de planificare \u0219i implementare a proiectelor VR, utiliz\u00e2nd unelte de design adecvate \u0219i facilit\u00e2nd interac\u021biuni care \u00eembog\u0103\u021besc experien\u021ba utilizatorului. Modulul de depanare \u0219i testare asigur\u0103 c\u0103 solu\u021biile VR dezvoltate sunt de \u00eenalt\u0103 calitate \u0219i eficiente. Ob\u021binerea acestei certific\u0103ri ofer\u0103 cursan\u021bilor oportunit\u0103\u021bi valoroase \u00eentr-unul dintre cele mai inovatoare domenii ale tehnologiei.<\/p>\n<p>Pentru mai multe detalii despre curs \u0219i certificare, accesa\u021bi acest <a href=\"https:\/\/certiport.filecamp.com\/s\/i\/UCU_VR_Developer_0823\">link <\/a><\/p>\n<ul>\n<li><strong>Evenimente de Networking<\/strong><\/li>\n<\/ul>\n<p>Explora\u021bi ultimele inova\u021bii \u00een securitatea cibernetic\u0103 prin evenimentele noastre de networking. Conecta\u021bi-v\u0103 cu lideri \u0219i exper\u021bi din industrie, schimba\u021bi idei valoroase \u0219i extinde\u021bi-v\u0103 re\u021beaua profesional\u0103. Participa\u021bi la sesiunile noastre interactive pentru a descoperi noi oportunit\u0103\u021bi \u0219i a v\u0103 aprofunda cuno\u0219tin\u021bele \u00eentr-un mediu dinamic \u0219i informativ.<\/p>\n<ul>\n<li><strong> Workshops VR\/AR<\/strong>: Experien\u021b\u0103 de \u00eenv\u0103\u021bare captivant\u0103 \u00een timp ce descoperi\u021bi cele mai recente progrese \u00een securitatea cibernetic\u0103 utiliz\u00e2nd ochelari VR META Oculus Quest 2.<\/li>\n<\/ul>\n<p>&nbsp;<\/p>\n<p><img loading=\"lazy\" decoding=\"async\" class=\"alignnone wp-image-20636 size-full\" src=\"https:\/\/www.cybarverse.eu\/wp-content\/uploads\/2024\/10\/1.png\" alt=\"\" width=\"1920\" height=\"1080\" srcset=\"https:\/\/www.cybarverse.eu\/wp-content\/uploads\/2024\/10\/1.png 1920w, https:\/\/www.cybarverse.eu\/wp-content\/uploads\/2024\/10\/1-300x169.png 300w, https:\/\/www.cybarverse.eu\/wp-content\/uploads\/2024\/10\/1-1024x576.png 1024w, https:\/\/www.cybarverse.eu\/wp-content\/uploads\/2024\/10\/1-768x432.png 768w, https:\/\/www.cybarverse.eu\/wp-content\/uploads\/2024\/10\/1-1536x864.png 1536w\" sizes=\"auto, (max-width: 1920px) 100vw, 1920px\" \/><\/p>\n","protected":false},"excerpt":{"rendered":"<p>Invit\u0103m educatorii \u0219i formatorii din sectorul VET (\u00cenv\u0103\u0163\u0103m\u00e2ntul liceal tehnologic \u015fi voca\u0163ional) s\u0103 exploreze gama noastr\u0103 de servicii \u0219i resurse concepute pentru a le \u00eembun\u0103t\u0103\u021bi cuno\u0219tin\u021bele \u0219i abilit\u0103\u021bile \u00een domeniul securit\u0103\u021bii cibernetice. Pentru mai multe informa\u021bii sau pentru a programa &hellip; <\/p>\n","protected":false},"author":1383,"featured_media":0,"parent":0,"menu_order":0,"comment_status":"closed","ping_status":"closed","template":"","meta":{"footnotes":""},"class_list":["post-18281","page","type-page","status-publish","hentry"],"yoast_head":"<!-- This site is optimized with the Yoast SEO plugin v24.8.1 - https:\/\/yoast.com\/wordpress\/plugins\/seo\/ -->\n<title>Academia CybARverse Rom\u00e2nia - CybARverse<\/title>\n<meta name=\"robots\" content=\"index, follow, max-snippet:-1, max-image-preview:large, max-video-preview:-1\" \/>\n<link rel=\"canonical\" href=\"https:\/\/www.cybarverse.eu\/ro\/academiile-cybarverse\/\" \/>\n<meta property=\"og:locale\" content=\"ro_RO\" \/>\n<meta property=\"og:type\" content=\"article\" \/>\n<meta property=\"og:title\" content=\"Academia CybARverse Rom\u00e2nia - CybARverse\" \/>\n<meta property=\"og:description\" content=\"Invit\u0103m educatorii \u0219i formatorii din sectorul VET (\u00cenv\u0103\u0163\u0103m\u00e2ntul liceal tehnologic \u015fi voca\u0163ional) s\u0103 exploreze gama noastr\u0103 de servicii \u0219i resurse concepute pentru a le \u00eembun\u0103t\u0103\u021bi cuno\u0219tin\u021bele \u0219i abilit\u0103\u021bile \u00een domeniul securit\u0103\u021bii cibernetice. Pentru mai multe informa\u021bii sau pentru a programa &hellip;\" \/>\n<meta property=\"og:url\" content=\"https:\/\/www.cybarverse.eu\/ro\/academiile-cybarverse\/\" \/>\n<meta property=\"og:site_name\" content=\"CybARverse\" \/>\n<meta property=\"article:modified_time\" content=\"2024-10-03T13:20:44+00:00\" \/>\n<meta property=\"og:image\" content=\"https:\/\/www.cybarverse.eu\/wp-content\/uploads\/2024\/08\/eos-logo-with-strapline.jpg\" \/>\n<meta name=\"twitter:card\" content=\"summary_large_image\" \/>\n<meta name=\"twitter:label1\" content=\"Timp estimat pentru citire\" \/>\n\t<meta name=\"twitter:data1\" content=\"6 minute\" \/>\n<script type=\"application\/ld+json\" class=\"yoast-schema-graph\">{\"@context\":\"https:\/\/schema.org\",\"@graph\":[{\"@type\":\"WebPage\",\"@id\":\"https:\/\/www.cybarverse.eu\/ro\/academiile-cybarverse\/\",\"url\":\"https:\/\/www.cybarverse.eu\/ro\/academiile-cybarverse\/\",\"name\":\"Academia CybARverse Rom\u00e2nia - CybARverse\",\"isPartOf\":{\"@id\":\"https:\/\/www.cybarverse.eu\/#website\"},\"primaryImageOfPage\":{\"@id\":\"https:\/\/www.cybarverse.eu\/ro\/academiile-cybarverse\/#primaryimage\"},\"image\":{\"@id\":\"https:\/\/www.cybarverse.eu\/ro\/academiile-cybarverse\/#primaryimage\"},\"thumbnailUrl\":\"https:\/\/www.cybarverse.eu\/wp-content\/uploads\/2024\/08\/eos-logo-with-strapline.jpg\",\"datePublished\":\"2024-08-06T05:27:06+00:00\",\"dateModified\":\"2024-10-03T13:20:44+00:00\",\"breadcrumb\":{\"@id\":\"https:\/\/www.cybarverse.eu\/ro\/academiile-cybarverse\/#breadcrumb\"},\"inLanguage\":\"ro-RO\",\"potentialAction\":[{\"@type\":\"ReadAction\",\"target\":[\"https:\/\/www.cybarverse.eu\/ro\/academiile-cybarverse\/\"]}]},{\"@type\":\"ImageObject\",\"inLanguage\":\"ro-RO\",\"@id\":\"https:\/\/www.cybarverse.eu\/ro\/academiile-cybarverse\/#primaryimage\",\"url\":\"https:\/\/www.cybarverse.eu\/wp-content\/uploads\/2024\/08\/eos-logo-with-strapline.jpg\",\"contentUrl\":\"https:\/\/www.cybarverse.eu\/wp-content\/uploads\/2024\/08\/eos-logo-with-strapline.jpg\"},{\"@type\":\"BreadcrumbList\",\"@id\":\"https:\/\/www.cybarverse.eu\/ro\/academiile-cybarverse\/#breadcrumb\",\"itemListElement\":[{\"@type\":\"ListItem\",\"position\":1,\"name\":\"Home\",\"item\":\"https:\/\/www.cybarverse.eu\/ro\/\"},{\"@type\":\"ListItem\",\"position\":2,\"name\":\"Academia CybARverse Rom\u00e2nia\"}]},{\"@type\":\"WebSite\",\"@id\":\"https:\/\/www.cybarverse.eu\/#website\",\"url\":\"https:\/\/www.cybarverse.eu\/\",\"name\":\"CybARverse\",\"description\":\"\",\"potentialAction\":[{\"@type\":\"SearchAction\",\"target\":{\"@type\":\"EntryPoint\",\"urlTemplate\":\"https:\/\/www.cybarverse.eu\/?s={search_term_string}\"},\"query-input\":{\"@type\":\"PropertyValueSpecification\",\"valueRequired\":true,\"valueName\":\"search_term_string\"}}],\"inLanguage\":\"ro-RO\"}]}<\/script>\n<!-- \/ Yoast SEO plugin. -->","yoast_head_json":{"title":"Academia CybARverse Rom\u00e2nia - CybARverse","robots":{"index":"index","follow":"follow","max-snippet":"max-snippet:-1","max-image-preview":"max-image-preview:large","max-video-preview":"max-video-preview:-1"},"canonical":"https:\/\/www.cybarverse.eu\/ro\/academiile-cybarverse\/","og_locale":"ro_RO","og_type":"article","og_title":"Academia CybARverse Rom\u00e2nia - CybARverse","og_description":"Invit\u0103m educatorii \u0219i formatorii din sectorul VET (\u00cenv\u0103\u0163\u0103m\u00e2ntul liceal tehnologic \u015fi voca\u0163ional) s\u0103 exploreze gama noastr\u0103 de servicii \u0219i resurse concepute pentru a le \u00eembun\u0103t\u0103\u021bi cuno\u0219tin\u021bele \u0219i abilit\u0103\u021bile \u00een domeniul securit\u0103\u021bii cibernetice. Pentru mai multe informa\u021bii sau pentru a programa &hellip;","og_url":"https:\/\/www.cybarverse.eu\/ro\/academiile-cybarverse\/","og_site_name":"CybARverse","article_modified_time":"2024-10-03T13:20:44+00:00","og_image":[{"url":"https:\/\/www.cybarverse.eu\/wp-content\/uploads\/2024\/08\/eos-logo-with-strapline.jpg","type":"","width":"","height":""}],"twitter_card":"summary_large_image","twitter_misc":{"Timp estimat pentru citire":"6 minute"},"schema":{"@context":"https:\/\/schema.org","@graph":[{"@type":"WebPage","@id":"https:\/\/www.cybarverse.eu\/ro\/academiile-cybarverse\/","url":"https:\/\/www.cybarverse.eu\/ro\/academiile-cybarverse\/","name":"Academia CybARverse Rom\u00e2nia - CybARverse","isPartOf":{"@id":"https:\/\/www.cybarverse.eu\/#website"},"primaryImageOfPage":{"@id":"https:\/\/www.cybarverse.eu\/ro\/academiile-cybarverse\/#primaryimage"},"image":{"@id":"https:\/\/www.cybarverse.eu\/ro\/academiile-cybarverse\/#primaryimage"},"thumbnailUrl":"https:\/\/www.cybarverse.eu\/wp-content\/uploads\/2024\/08\/eos-logo-with-strapline.jpg","datePublished":"2024-08-06T05:27:06+00:00","dateModified":"2024-10-03T13:20:44+00:00","breadcrumb":{"@id":"https:\/\/www.cybarverse.eu\/ro\/academiile-cybarverse\/#breadcrumb"},"inLanguage":"ro-RO","potentialAction":[{"@type":"ReadAction","target":["https:\/\/www.cybarverse.eu\/ro\/academiile-cybarverse\/"]}]},{"@type":"ImageObject","inLanguage":"ro-RO","@id":"https:\/\/www.cybarverse.eu\/ro\/academiile-cybarverse\/#primaryimage","url":"https:\/\/www.cybarverse.eu\/wp-content\/uploads\/2024\/08\/eos-logo-with-strapline.jpg","contentUrl":"https:\/\/www.cybarverse.eu\/wp-content\/uploads\/2024\/08\/eos-logo-with-strapline.jpg"},{"@type":"BreadcrumbList","@id":"https:\/\/www.cybarverse.eu\/ro\/academiile-cybarverse\/#breadcrumb","itemListElement":[{"@type":"ListItem","position":1,"name":"Home","item":"https:\/\/www.cybarverse.eu\/ro\/"},{"@type":"ListItem","position":2,"name":"Academia CybARverse Rom\u00e2nia"}]},{"@type":"WebSite","@id":"https:\/\/www.cybarverse.eu\/#website","url":"https:\/\/www.cybarverse.eu\/","name":"CybARverse","description":"","potentialAction":[{"@type":"SearchAction","target":{"@type":"EntryPoint","urlTemplate":"https:\/\/www.cybarverse.eu\/?s={search_term_string}"},"query-input":{"@type":"PropertyValueSpecification","valueRequired":true,"valueName":"search_term_string"}}],"inLanguage":"ro-RO"}]}},"jetpack_sharing_enabled":true,"_links":{"self":[{"href":"https:\/\/www.cybarverse.eu\/ro\/wp-json\/wp\/v2\/pages\/18281","targetHints":{"allow":["GET"]}}],"collection":[{"href":"https:\/\/www.cybarverse.eu\/ro\/wp-json\/wp\/v2\/pages"}],"about":[{"href":"https:\/\/www.cybarverse.eu\/ro\/wp-json\/wp\/v2\/types\/page"}],"author":[{"embeddable":true,"href":"https:\/\/www.cybarverse.eu\/ro\/wp-json\/wp\/v2\/users\/1383"}],"replies":[{"embeddable":true,"href":"https:\/\/www.cybarverse.eu\/ro\/wp-json\/wp\/v2\/comments?post=18281"}],"version-history":[{"count":22,"href":"https:\/\/www.cybarverse.eu\/ro\/wp-json\/wp\/v2\/pages\/18281\/revisions"}],"predecessor-version":[{"id":20658,"href":"https:\/\/www.cybarverse.eu\/ro\/wp-json\/wp\/v2\/pages\/18281\/revisions\/20658"}],"wp:attachment":[{"href":"https:\/\/www.cybarverse.eu\/ro\/wp-json\/wp\/v2\/media?parent=18281"}],"curies":[{"name":"wp","href":"https:\/\/api.w.org\/{rel}","templated":true}]}}