{"id":14314,"date":"2015-10-19T04:23:53","date_gmt":"2015-10-19T04:23:53","guid":{"rendered":"https:\/\/www.cybarverse.eu\/demo-principal\/"},"modified":"2024-09-20T12:06:02","modified_gmt":"2024-09-20T12:06:02","slug":"demo-principal","status":"publish","type":"page","link":"https:\/\/www.cybarverse.eu\/ro\/","title":{"rendered":"CybARverse"},"content":{"rendered":"<section class=\"wpb-content-wrapper\"><p>[vc_row][vc_column][vc_column_text][\/vc_column_text][vc_empty_space height=&#8221;64px&#8221;][\/vc_column][\/vc_row][vc_row][vc_column width=&#8221;1\/2&#8243;][vc_column_text]<\/p>\n<h2 style=\"text-align: center;\"><strong><span style=\"vertical-align: inherit;\"><span style=\"vertical-align: inherit;\">CybARverse: <\/span><\/span><\/strong><strong><span style=\"vertical-align: inherit;\"><span style=\"vertical-align: inherit;\">Alfabetizare digital\u0103 \u00een VET prin formare \u00een securitate cibernetic\u0103 cu tehnologii imersive<\/span><\/span><\/strong><\/h2>\n<p style=\"text-align: center;\"><span style=\"vertical-align: inherit;\"><span style=\"vertical-align: inherit;\">CybARverse este un proiect cofinan\u021bat de Erasmus+ care sprijin\u0103 dezvoltarea competen\u021belor digitale ale profesorilor \u0219i formatorilor IT \u0219i non-IT, prin utilizarea tehnologiilor imersive.<br \/>\nObiectivul acestui proiect este de a instrui grupul \u021bint\u0103 despre cum s\u0103 recunoasc\u0103 \u0219i s\u0103 reac\u021bioneze corect la atacurile cibernetice. Acesta promoveaz\u0103 sensibilizarea cu privire la securitatea cibernetic\u0103, punerea \u00een aplicare a Planului de ac\u021biune pentru educa\u021bie digital\u0103 (ac\u021biunile 5 \u0219i 7), precum \u0219i agendele na\u021bionale, \u0219i contribuie la o predare \u0219i \u00eenv\u0103\u021bare mai digital\u0103, mai ecologic\u0103 \u0219i mai favorabil\u0103 incluziunii. P\u00e2n\u0103 la finalul acestui program, cel pu\u021bin 80 de formatori \u0219i profesori, din cele patru \u021b\u0103ri partenere, vor fi califica\u021bi.<\/span><\/span><\/p>\n<p>[\/vc_column_text][\/vc_column][vc_column width=&#8221;1\/2&#8243;][vc_single_image image=&#8221;14203&#8243; img_size=&#8221;large&#8221;][\/vc_column][\/vc_row][vc_row full_width=&#8221;stretch_row_content&#8221; content_placement=&#8221;middle&#8221; parallax=&#8221;content-moving-fade&#8221; css_animation=&#8221;none&#8221; css=&#8221;.vc_custom_1724060406245{background-color: #0062bf !important;}&#8221;][vc_column][vc_column_text][\/vc_column_text][\/vc_column][\/vc_row][vc_row][vc_column][vc_column_text]<\/p>\n<h2 style=\"text-align: center;\">Vezi videoclipul nostru<\/h2>\n<p>[\/vc_column_text][\/vc_column][\/vc_row][vc_row][vc_column width=&#8221;1\/2&#8243;][vc_column_text]<\/p>\n<div style=\"text-align: center;\"><iframe loading=\"lazy\" src=\"https:\/\/www.youtube.com\/embed\/blAFJJuB8tA\" width=\"560\" height=\"315\" frameborder=\"0\" allowfullscreen=\"allowfullscreen\"><\/iframe><\/div>\n<p>[\/vc_column_text][\/vc_column][vc_column width=&#8221;1\/2&#8243;][vc_column_text]\u00cen 2024, atacurile cibernetice au continuat s\u0103 creasc\u0103 dramatic, cu o cre\u0219tere de 30% de la an la an a incidentelor globale.<br \/>\nOrganiza\u021biile se confrunt\u0103 acum cu o medie de 1.636 de atacuri pe s\u0103pt\u0103m\u00e2n\u0103.<br \/>\nSectorul educa\u021biei \u0219i cercet\u0103rii este deosebit de afectat, \u00eenregistr\u00e2nd o cre\u0219tere de 53% a atacurilor, ceea ce \u00eel face cea mai vizat\u0103 industrie la nivel global.<br \/>\n\u00cen plus, ransomware-ul r\u0103m\u00e2ne o amenin\u021bare semnificativ\u0103, incidentele de extorcare public\u0103 cresc\u00e2nd cu 13% fa\u021b\u0103 de anul precedent, afect\u00e2nd \u00een special sectoare precum produc\u021bie, asisten\u021b\u0103 medical\u0103 \u0219i comunica\u021bii<span class=\"\" data-state=\"closed\"><span class=\"text-token-text-secondary\"> (<\/span><a class=\"text-green-600 !no-underline\" href=\"https:\/\/parachute.cloud\/cyber-attack-statistics-data-and-trends\/\" target=\"_blank\" rel=\"noopener\">Parachute<\/a><span class=\"text-token-text-secondary\">)<\/span><\/span><span class=\"\" data-state=\"closed\"><span class=\"text-token-text-secondary\"> (<\/span><a class=\"text-green-600 !no-underline\" href=\"https:\/\/www.sourcesecurity.com\/news\/top-3-cyber-attacked-industries-q2-co-400-ga.1721721639.html\" target=\"_blank\" rel=\"noopener\">SourceSecurity<\/a><span class=\"text-token-text-secondary\">).<\/span><\/span><br \/>\nAceast\u0103 cre\u0219tere ne\u00eencetat\u0103 a amenin\u021b\u0103rilor cibernetice eviden\u021biaz\u0103 sofisticarea tot mai mare a atacatorilor care folosesc din ce \u00een ce mai mult tehnici avansate, cum ar fi AI \u0219i machine learning<span class=\"\" data-state=\"closed\"><span class=\"text-token-text-secondary\"> (<\/span><a class=\"text-green-600 !no-underline\" href=\"https:\/\/www.cxoinsightme.com\/news\/check-point-research-unveils-q2-2024-cyber-attack-trends-highlighting-global-and-uae-increases\/\" target=\"_blank\" rel=\"noopener\">CXO Insight Middle East<\/a><span class=\"text-token-text-secondary\">).<\/span><\/span><br \/>\nPe m\u0103sur\u0103 ce amenin\u021b\u0103rile cibernetice evolueaz\u0103, este esen\u021bial ca organiza\u021biile s\u0103 adopte strategii de securitate robuste, pe mai multe niveluri, pentru a atenua aceste riscuri.[\/vc_column_text][\/vc_column][\/vc_row][vc_row][vc_column][vc_separator color=&#8221;sky&#8221;][\/vc_column][\/vc_row][vc_row disable_element=&#8221;yes&#8221;][vc_column width=&#8221;1\/2&#8243;][vc_column_text]<\/p>\n<h1 style=\"text-align: center;\">\u00cenregistreaz\u0103-te acum \u0219i fii notificat de \u0219tirile CybArVerse<\/h1>\n<p>[\/vc_column_text]\n<div class=\"wpcf7 no-js\" id=\"wpcf7-f13700-o1\" lang=\"en-US\" dir=\"ltr\" data-wpcf7-id=\"13700\">\n<div class=\"screen-reader-response\"><p role=\"status\" aria-live=\"polite\" aria-atomic=\"true\"><\/p> <ul><\/ul><\/div>\n<form action=\"\/ro\/wp-json\/wp\/v2\/pages\/14314#wpcf7-f13700-o1\" method=\"post\" class=\"wpcf7-form init\" aria-label=\"Contact form\" novalidate=\"novalidate\" data-status=\"init\">\n<fieldset class=\"hidden-fields-container\"><input type=\"hidden\" name=\"_wpcf7\" value=\"13700\" \/><input type=\"hidden\" name=\"_wpcf7_version\" value=\"6.1.5\" \/><input type=\"hidden\" name=\"_wpcf7_locale\" value=\"en_US\" \/><input type=\"hidden\" name=\"_wpcf7_unit_tag\" value=\"wpcf7-f13700-o1\" \/><input type=\"hidden\" name=\"_wpcf7_container_post\" value=\"0\" \/><input type=\"hidden\" name=\"_wpcf7_posted_data_hash\" value=\"\" \/>\n<\/fieldset>\n<div style=\"text-align: center;\">\n\t<p><span class=\"wpcf7-form-control-wrap\" data-name=\"your-name\"><input size=\"40\" maxlength=\"400\" class=\"wpcf7-form-control wpcf7-text wpcf7-validates-as-required\" aria-required=\"true\" aria-invalid=\"false\" placeholder=\"Your Name *\" value=\"\" type=\"text\" name=\"your-name\" \/><\/span>\n\t<\/p>\n\t<p><span class=\"wpcf7-form-control-wrap\" data-name=\"your-email\"><input size=\"40\" maxlength=\"400\" class=\"wpcf7-form-control wpcf7-email wpcf7-validates-as-required wpcf7-text wpcf7-validates-as-email\" aria-required=\"true\" aria-invalid=\"false\" placeholder=\"Email *\" value=\"\" type=\"email\" name=\"your-email\" \/><\/span>\n\t<\/p>\n\t<p><input class=\"wpcf7-form-control wpcf7-submit has-spinner\" type=\"submit\" value=\"Register now\" \/>\n\t<\/p>\n<\/div><div class=\"wpcf7-response-output\" aria-hidden=\"true\"><\/div>\n<\/form>\n<\/div>\n[\/vc_column][vc_column width=&#8221;1\/2&#8243;][vc_single_image image=&#8221;16314&#8243; img_size=&#8221;large&#8221;][\/vc_column][\/vc_row][vc_row][vc_column][vc_column_text][\/vc_column_text][\/vc_column][\/vc_row][vc_row][vc_column][vc_column_text][\/vc_column_text][\/vc_column][\/vc_row]<\/p>\n<\/section>","protected":false},"excerpt":{"rendered":"<p>[vc_row][vc_column][vc_column_text][\/vc_column_text][vc_empty_space height=&#8221;64px&#8221;][\/vc_column][\/vc_row][vc_row][vc_column width=&#8221;1\/2&#8243;][vc_column_text] CybARverse: Alfabetizare digital\u0103 \u00een VET prin formare \u00een securitate cibernetic\u0103 cu tehnologii imersive CybARverse este un proiect cofinan\u021bat de Erasmus+ care sprijin\u0103 dezvoltarea competen\u021belor digitale ale profesorilor \u0219i formatorilor IT \u0219i non-IT, prin utilizarea tehnologiilor imersive. Obiectivul &hellip; <\/p>\n","protected":false},"author":1,"featured_media":0,"parent":0,"menu_order":0,"comment_status":"closed","ping_status":"closed","template":"page-templates\/homepage.php","meta":{"footnotes":""},"class_list":["post-14314","page","type-page","status-publish","hentry"],"yoast_head":"<!-- This site is optimized with the Yoast SEO plugin v24.8.1 - https:\/\/yoast.com\/wordpress\/plugins\/seo\/ -->\n<title>CybARverse - CybARverse<\/title>\n<meta name=\"robots\" content=\"index, follow, max-snippet:-1, max-image-preview:large, max-video-preview:-1\" \/>\n<link rel=\"canonical\" href=\"https:\/\/www.cybarverse.eu\/ro\/\" \/>\n<meta property=\"og:locale\" content=\"ro_RO\" \/>\n<meta property=\"og:type\" content=\"article\" \/>\n<meta property=\"og:title\" content=\"CybARverse - CybARverse\" \/>\n<meta property=\"og:description\" content=\"[vc_row][vc_column][vc_column_text][\/vc_column_text][vc_empty_space height=&#8221;64px&#8221;][\/vc_column][\/vc_row][vc_row][vc_column width=&#8221;1\/2&#8243;][vc_column_text] CybARverse: Alfabetizare digital\u0103 \u00een VET prin formare \u00een securitate cibernetic\u0103 cu tehnologii imersive CybARverse este un proiect cofinan\u021bat de Erasmus+ care sprijin\u0103 dezvoltarea competen\u021belor digitale ale profesorilor \u0219i formatorilor IT \u0219i non-IT, prin utilizarea tehnologiilor imersive. Obiectivul &hellip;\" \/>\n<meta property=\"og:url\" content=\"https:\/\/www.cybarverse.eu\/ro\/\" \/>\n<meta property=\"og:site_name\" content=\"CybARverse\" \/>\n<meta property=\"article:modified_time\" content=\"2024-09-20T12:06:02+00:00\" \/>\n<meta name=\"twitter:card\" content=\"summary_large_image\" \/>\n<meta name=\"twitter:label1\" content=\"Timp estimat pentru citire\" \/>\n\t<meta name=\"twitter:data1\" content=\"2 minute\" \/>\n<script type=\"application\/ld+json\" class=\"yoast-schema-graph\">{\"@context\":\"https:\/\/schema.org\",\"@graph\":[{\"@type\":\"WebPage\",\"@id\":\"https:\/\/www.cybarverse.eu\/ro\/\",\"url\":\"https:\/\/www.cybarverse.eu\/ro\/\",\"name\":\"CybARverse - CybARverse\",\"isPartOf\":{\"@id\":\"https:\/\/www.cybarverse.eu\/#website\"},\"datePublished\":\"2015-10-19T04:23:53+00:00\",\"dateModified\":\"2024-09-20T12:06:02+00:00\",\"breadcrumb\":{\"@id\":\"https:\/\/www.cybarverse.eu\/ro\/#breadcrumb\"},\"inLanguage\":\"ro-RO\",\"potentialAction\":[{\"@type\":\"ReadAction\",\"target\":[\"https:\/\/www.cybarverse.eu\/ro\/\"]}]},{\"@type\":\"BreadcrumbList\",\"@id\":\"https:\/\/www.cybarverse.eu\/ro\/#breadcrumb\",\"itemListElement\":[{\"@type\":\"ListItem\",\"position\":1,\"name\":\"Home\",\"item\":\"https:\/\/www.cybarverse.eu\/ro\/\"},{\"@type\":\"ListItem\",\"position\":2,\"name\":\"CybARverse\"}]},{\"@type\":\"WebSite\",\"@id\":\"https:\/\/www.cybarverse.eu\/#website\",\"url\":\"https:\/\/www.cybarverse.eu\/\",\"name\":\"CybARverse\",\"description\":\"\",\"potentialAction\":[{\"@type\":\"SearchAction\",\"target\":{\"@type\":\"EntryPoint\",\"urlTemplate\":\"https:\/\/www.cybarverse.eu\/?s={search_term_string}\"},\"query-input\":{\"@type\":\"PropertyValueSpecification\",\"valueRequired\":true,\"valueName\":\"search_term_string\"}}],\"inLanguage\":\"ro-RO\"}]}<\/script>\n<!-- \/ Yoast SEO plugin. -->","yoast_head_json":{"title":"CybARverse - CybARverse","robots":{"index":"index","follow":"follow","max-snippet":"max-snippet:-1","max-image-preview":"max-image-preview:large","max-video-preview":"max-video-preview:-1"},"canonical":"https:\/\/www.cybarverse.eu\/ro\/","og_locale":"ro_RO","og_type":"article","og_title":"CybARverse - CybARverse","og_description":"[vc_row][vc_column][vc_column_text][\/vc_column_text][vc_empty_space height=&#8221;64px&#8221;][\/vc_column][\/vc_row][vc_row][vc_column width=&#8221;1\/2&#8243;][vc_column_text] CybARverse: Alfabetizare digital\u0103 \u00een VET prin formare \u00een securitate cibernetic\u0103 cu tehnologii imersive CybARverse este un proiect cofinan\u021bat de Erasmus+ care sprijin\u0103 dezvoltarea competen\u021belor digitale ale profesorilor \u0219i formatorilor IT \u0219i non-IT, prin utilizarea tehnologiilor imersive. Obiectivul &hellip;","og_url":"https:\/\/www.cybarverse.eu\/ro\/","og_site_name":"CybARverse","article_modified_time":"2024-09-20T12:06:02+00:00","twitter_card":"summary_large_image","twitter_misc":{"Timp estimat pentru citire":"2 minute"},"schema":{"@context":"https:\/\/schema.org","@graph":[{"@type":"WebPage","@id":"https:\/\/www.cybarverse.eu\/ro\/","url":"https:\/\/www.cybarverse.eu\/ro\/","name":"CybARverse - CybARverse","isPartOf":{"@id":"https:\/\/www.cybarverse.eu\/#website"},"datePublished":"2015-10-19T04:23:53+00:00","dateModified":"2024-09-20T12:06:02+00:00","breadcrumb":{"@id":"https:\/\/www.cybarverse.eu\/ro\/#breadcrumb"},"inLanguage":"ro-RO","potentialAction":[{"@type":"ReadAction","target":["https:\/\/www.cybarverse.eu\/ro\/"]}]},{"@type":"BreadcrumbList","@id":"https:\/\/www.cybarverse.eu\/ro\/#breadcrumb","itemListElement":[{"@type":"ListItem","position":1,"name":"Home","item":"https:\/\/www.cybarverse.eu\/ro\/"},{"@type":"ListItem","position":2,"name":"CybARverse"}]},{"@type":"WebSite","@id":"https:\/\/www.cybarverse.eu\/#website","url":"https:\/\/www.cybarverse.eu\/","name":"CybARverse","description":"","potentialAction":[{"@type":"SearchAction","target":{"@type":"EntryPoint","urlTemplate":"https:\/\/www.cybarverse.eu\/?s={search_term_string}"},"query-input":{"@type":"PropertyValueSpecification","valueRequired":true,"valueName":"search_term_string"}}],"inLanguage":"ro-RO"}]}},"jetpack_sharing_enabled":true,"_links":{"self":[{"href":"https:\/\/www.cybarverse.eu\/ro\/wp-json\/wp\/v2\/pages\/14314","targetHints":{"allow":["GET"]}}],"collection":[{"href":"https:\/\/www.cybarverse.eu\/ro\/wp-json\/wp\/v2\/pages"}],"about":[{"href":"https:\/\/www.cybarverse.eu\/ro\/wp-json\/wp\/v2\/types\/page"}],"author":[{"embeddable":true,"href":"https:\/\/www.cybarverse.eu\/ro\/wp-json\/wp\/v2\/users\/1"}],"replies":[{"embeddable":true,"href":"https:\/\/www.cybarverse.eu\/ro\/wp-json\/wp\/v2\/comments?post=14314"}],"version-history":[{"count":29,"href":"https:\/\/www.cybarverse.eu\/ro\/wp-json\/wp\/v2\/pages\/14314\/revisions"}],"predecessor-version":[{"id":20211,"href":"https:\/\/www.cybarverse.eu\/ro\/wp-json\/wp\/v2\/pages\/14314\/revisions\/20211"}],"wp:attachment":[{"href":"https:\/\/www.cybarverse.eu\/ro\/wp-json\/wp\/v2\/media?parent=14314"}],"curies":[{"name":"wp","href":"https:\/\/api.w.org\/{rel}","templated":true}]}}