{"id":16525,"date":"2024-04-04T09:26:20","date_gmt":"2024-04-04T09:26:20","guid":{"rendered":"https:\/\/www.cybarverse.eu\/kors-tac-cibersigurta-ingliz\/"},"modified":"2024-08-07T13:26:57","modified_gmt":"2024-08-07T13:26:57","slug":"kors-tac-cibersigurta-ingliz","status":"publish","type":"page","link":"https:\/\/www.cybarverse.eu\/mt\/kors-tac-cibersigurta-ingliz\/","title":{"rendered":"Kors ta\u010b-\u010aibersigurt\u00e0 &#8211; Bl-Ingli\u017c"},"content":{"rendered":"<section class=\"wpb-content-wrapper\"><p>[vc_row][vc_column width=&#8221;1\/3&#8243;][vc_column_text]<\/p>\n<h2 style=\"text-align: center;\">Livell Ba\u017ciku<\/h2>\n<p style=\"text-align: center;\"><a href=\"https:\/\/www.cybarverse.eu\/courses\/cybersecurity-course-for-vet-trainers-beginner-level\/\"><img loading=\"lazy\" decoding=\"async\" class=\"alignnone wp-image-14655\" src=\"https:\/\/www.cybarverse.eu\/wp-content\/uploads\/2024\/02\/bfdrghtrd-300x139.png\" alt=\"\" width=\"216\" height=\"100\" srcset=\"https:\/\/www.cybarverse.eu\/wp-content\/uploads\/2024\/02\/bfdrghtrd-300x139.png 300w, https:\/\/www.cybarverse.eu\/wp-content\/uploads\/2024\/02\/bfdrghtrd.png 443w\" sizes=\"auto, (max-width: 216px) 100vw, 216px\" \/><\/a><\/p>\n<p>[\/vc_column_text][\/vc_column][vc_column width=&#8221;1\/3&#8243;][vc_column_text]<\/p>\n<h2 style=\"text-align: center;\">Livell Intermedju<\/h2>\n<p style=\"text-align: center;\"><a href=\"https:\/\/www.cybarverse.eu\/courses\/cybersecurity-course-for-vet-intermidiate\/\"><img loading=\"lazy\" decoding=\"async\" class=\"alignnone wp-image-14655\" src=\"https:\/\/www.cybarverse.eu\/wp-content\/uploads\/2024\/02\/bfdrghtrd-300x139.png\" alt=\"\" width=\"216\" height=\"100\" srcset=\"https:\/\/www.cybarverse.eu\/wp-content\/uploads\/2024\/02\/bfdrghtrd-300x139.png 300w, https:\/\/www.cybarverse.eu\/wp-content\/uploads\/2024\/02\/bfdrghtrd.png 443w\" sizes=\"auto, (max-width: 216px) 100vw, 216px\" \/><\/a><\/p>\n<p>[\/vc_column_text][\/vc_column][vc_column width=&#8221;1\/3&#8243;][vc_column_text]<\/p>\n<h2 style=\"text-align: center;\">Livell Avvanzat<\/h2>\n<p style=\"text-align: center;\"><a href=\"https:\/\/www.cybarverse.eu\/courses\/cybersecurity-course-for-vet-trainers-advanced-level\/\"><img loading=\"lazy\" decoding=\"async\" class=\"alignnone wp-image-14655\" src=\"https:\/\/www.cybarverse.eu\/wp-content\/uploads\/2024\/02\/bfdrghtrd-300x139.png\" alt=\"\" width=\"216\" height=\"100\" srcset=\"https:\/\/www.cybarverse.eu\/wp-content\/uploads\/2024\/02\/bfdrghtrd-300x139.png 300w, https:\/\/www.cybarverse.eu\/wp-content\/uploads\/2024\/02\/bfdrghtrd.png 443w\" sizes=\"auto, (max-width: 216px) 100vw, 216px\" \/><\/a><\/p>\n<p>[\/vc_column_text][\/vc_column][\/vc_row]<\/p>\n<\/section>","protected":false},"excerpt":{"rendered":"<p>[vc_row][vc_column width=&#8221;1\/3&#8243;][vc_column_text] Livell Ba\u017ciku [\/vc_column_text][\/vc_column][vc_column width=&#8221;1\/3&#8243;][vc_column_text] Livell Intermedju [\/vc_column_text][\/vc_column][vc_column width=&#8221;1\/3&#8243;][vc_column_text] Livell Avvanzat [\/vc_column_text][\/vc_column][\/vc_row]<\/p>\n","protected":false},"author":1,"featured_media":0,"parent":0,"menu_order":0,"comment_status":"closed","ping_status":"closed","template":"","meta":{"footnotes":""},"class_list":["post-16525","page","type-page","status-publish","hentry"],"yoast_head":"<!-- This site is optimized with the Yoast SEO plugin v24.8.1 - https:\/\/yoast.com\/wordpress\/plugins\/seo\/ -->\n<title>Kors ta\u010b-\u010aibersigurt\u00e0 - Bl-Ingli\u017c - CybARverse<\/title>\n<meta name=\"robots\" content=\"index, follow, max-snippet:-1, max-image-preview:large, max-video-preview:-1\" \/>\n<link rel=\"canonical\" href=\"https:\/\/www.cybarverse.eu\/mt\/kors-tac-cibersigurta-ingliz\/\" \/>\n<meta property=\"og:locale\" content=\"mt_MT\" \/>\n<meta property=\"og:type\" content=\"article\" \/>\n<meta property=\"og:title\" content=\"Kors ta\u010b-\u010aibersigurt\u00e0 - Bl-Ingli\u017c - CybARverse\" \/>\n<meta property=\"og:description\" content=\"[vc_row][vc_column width=&#8221;1\/3&#8243;][vc_column_text] Livell Ba\u017ciku [\/vc_column_text][\/vc_column][vc_column width=&#8221;1\/3&#8243;][vc_column_text] Livell Intermedju [\/vc_column_text][\/vc_column][vc_column width=&#8221;1\/3&#8243;][vc_column_text] Livell Avvanzat [\/vc_column_text][\/vc_column][\/vc_row]\" \/>\n<meta property=\"og:url\" content=\"https:\/\/www.cybarverse.eu\/mt\/kors-tac-cibersigurta-ingliz\/\" \/>\n<meta property=\"og:site_name\" content=\"CybARverse\" \/>\n<meta property=\"article:modified_time\" content=\"2024-08-07T13:26:57+00:00\" \/>\n<meta property=\"og:image\" content=\"https:\/\/www.cybarverse.eu\/wp-content\/uploads\/2024\/02\/bfdrghtrd-300x139.png\" \/>\n<meta name=\"twitter:card\" content=\"summary_large_image\" \/>\n<meta name=\"twitter:label1\" content=\"Est. reading time\" \/>\n\t<meta name=\"twitter:data1\" content=\"1 minute\" \/>\n<script type=\"application\/ld+json\" class=\"yoast-schema-graph\">{\"@context\":\"https:\/\/schema.org\",\"@graph\":[{\"@type\":\"WebPage\",\"@id\":\"https:\/\/www.cybarverse.eu\/mt\/kors-tac-cibersigurta-ingliz\/\",\"url\":\"https:\/\/www.cybarverse.eu\/mt\/kors-tac-cibersigurta-ingliz\/\",\"name\":\"Kors ta\u010b-\u010aibersigurt\u00e0 - Bl-Ingli\u017c - CybARverse\",\"isPartOf\":{\"@id\":\"https:\/\/www.cybarverse.eu\/#website\"},\"primaryImageOfPage\":{\"@id\":\"https:\/\/www.cybarverse.eu\/mt\/kors-tac-cibersigurta-ingliz\/#primaryimage\"},\"image\":{\"@id\":\"https:\/\/www.cybarverse.eu\/mt\/kors-tac-cibersigurta-ingliz\/#primaryimage\"},\"thumbnailUrl\":\"https:\/\/www.cybarverse.eu\/wp-content\/uploads\/2024\/02\/bfdrghtrd-300x139.png\",\"datePublished\":\"2024-04-04T09:26:20+00:00\",\"dateModified\":\"2024-08-07T13:26:57+00:00\",\"breadcrumb\":{\"@id\":\"https:\/\/www.cybarverse.eu\/mt\/kors-tac-cibersigurta-ingliz\/#breadcrumb\"},\"inLanguage\":\"mt-MT\",\"potentialAction\":[{\"@type\":\"ReadAction\",\"target\":[\"https:\/\/www.cybarverse.eu\/mt\/kors-tac-cibersigurta-ingliz\/\"]}]},{\"@type\":\"ImageObject\",\"inLanguage\":\"mt-MT\",\"@id\":\"https:\/\/www.cybarverse.eu\/mt\/kors-tac-cibersigurta-ingliz\/#primaryimage\",\"url\":\"https:\/\/www.cybarverse.eu\/wp-content\/uploads\/2024\/02\/bfdrghtrd-300x139.png\",\"contentUrl\":\"https:\/\/www.cybarverse.eu\/wp-content\/uploads\/2024\/02\/bfdrghtrd-300x139.png\"},{\"@type\":\"BreadcrumbList\",\"@id\":\"https:\/\/www.cybarverse.eu\/mt\/kors-tac-cibersigurta-ingliz\/#breadcrumb\",\"itemListElement\":[{\"@type\":\"ListItem\",\"position\":1,\"name\":\"Home\",\"item\":\"https:\/\/www.cybarverse.eu\/mt\/\"},{\"@type\":\"ListItem\",\"position\":2,\"name\":\"Kors ta\u010b-\u010aibersigurt\u00e0 &#8211; Bl-Ingli\u017c\"}]},{\"@type\":\"WebSite\",\"@id\":\"https:\/\/www.cybarverse.eu\/#website\",\"url\":\"https:\/\/www.cybarverse.eu\/\",\"name\":\"CybARverse\",\"description\":\"\",\"potentialAction\":[{\"@type\":\"SearchAction\",\"target\":{\"@type\":\"EntryPoint\",\"urlTemplate\":\"https:\/\/www.cybarverse.eu\/?s={search_term_string}\"},\"query-input\":{\"@type\":\"PropertyValueSpecification\",\"valueRequired\":true,\"valueName\":\"search_term_string\"}}],\"inLanguage\":\"mt-MT\"}]}<\/script>\n<!-- \/ Yoast SEO plugin. -->","yoast_head_json":{"title":"Kors ta\u010b-\u010aibersigurt\u00e0 - Bl-Ingli\u017c - CybARverse","robots":{"index":"index","follow":"follow","max-snippet":"max-snippet:-1","max-image-preview":"max-image-preview:large","max-video-preview":"max-video-preview:-1"},"canonical":"https:\/\/www.cybarverse.eu\/mt\/kors-tac-cibersigurta-ingliz\/","og_locale":"mt_MT","og_type":"article","og_title":"Kors ta\u010b-\u010aibersigurt\u00e0 - Bl-Ingli\u017c - CybARverse","og_description":"[vc_row][vc_column width=&#8221;1\/3&#8243;][vc_column_text] Livell Ba\u017ciku [\/vc_column_text][\/vc_column][vc_column width=&#8221;1\/3&#8243;][vc_column_text] Livell Intermedju [\/vc_column_text][\/vc_column][vc_column width=&#8221;1\/3&#8243;][vc_column_text] Livell Avvanzat [\/vc_column_text][\/vc_column][\/vc_row]","og_url":"https:\/\/www.cybarverse.eu\/mt\/kors-tac-cibersigurta-ingliz\/","og_site_name":"CybARverse","article_modified_time":"2024-08-07T13:26:57+00:00","og_image":[{"url":"https:\/\/www.cybarverse.eu\/wp-content\/uploads\/2024\/02\/bfdrghtrd-300x139.png","type":"","width":"","height":""}],"twitter_card":"summary_large_image","twitter_misc":{"Est. reading time":"1 minute"},"schema":{"@context":"https:\/\/schema.org","@graph":[{"@type":"WebPage","@id":"https:\/\/www.cybarverse.eu\/mt\/kors-tac-cibersigurta-ingliz\/","url":"https:\/\/www.cybarverse.eu\/mt\/kors-tac-cibersigurta-ingliz\/","name":"Kors ta\u010b-\u010aibersigurt\u00e0 - Bl-Ingli\u017c - CybARverse","isPartOf":{"@id":"https:\/\/www.cybarverse.eu\/#website"},"primaryImageOfPage":{"@id":"https:\/\/www.cybarverse.eu\/mt\/kors-tac-cibersigurta-ingliz\/#primaryimage"},"image":{"@id":"https:\/\/www.cybarverse.eu\/mt\/kors-tac-cibersigurta-ingliz\/#primaryimage"},"thumbnailUrl":"https:\/\/www.cybarverse.eu\/wp-content\/uploads\/2024\/02\/bfdrghtrd-300x139.png","datePublished":"2024-04-04T09:26:20+00:00","dateModified":"2024-08-07T13:26:57+00:00","breadcrumb":{"@id":"https:\/\/www.cybarverse.eu\/mt\/kors-tac-cibersigurta-ingliz\/#breadcrumb"},"inLanguage":"mt-MT","potentialAction":[{"@type":"ReadAction","target":["https:\/\/www.cybarverse.eu\/mt\/kors-tac-cibersigurta-ingliz\/"]}]},{"@type":"ImageObject","inLanguage":"mt-MT","@id":"https:\/\/www.cybarverse.eu\/mt\/kors-tac-cibersigurta-ingliz\/#primaryimage","url":"https:\/\/www.cybarverse.eu\/wp-content\/uploads\/2024\/02\/bfdrghtrd-300x139.png","contentUrl":"https:\/\/www.cybarverse.eu\/wp-content\/uploads\/2024\/02\/bfdrghtrd-300x139.png"},{"@type":"BreadcrumbList","@id":"https:\/\/www.cybarverse.eu\/mt\/kors-tac-cibersigurta-ingliz\/#breadcrumb","itemListElement":[{"@type":"ListItem","position":1,"name":"Home","item":"https:\/\/www.cybarverse.eu\/mt\/"},{"@type":"ListItem","position":2,"name":"Kors ta\u010b-\u010aibersigurt\u00e0 &#8211; Bl-Ingli\u017c"}]},{"@type":"WebSite","@id":"https:\/\/www.cybarverse.eu\/#website","url":"https:\/\/www.cybarverse.eu\/","name":"CybARverse","description":"","potentialAction":[{"@type":"SearchAction","target":{"@type":"EntryPoint","urlTemplate":"https:\/\/www.cybarverse.eu\/?s={search_term_string}"},"query-input":{"@type":"PropertyValueSpecification","valueRequired":true,"valueName":"search_term_string"}}],"inLanguage":"mt-MT"}]}},"jetpack_sharing_enabled":true,"_links":{"self":[{"href":"https:\/\/www.cybarverse.eu\/mt\/wp-json\/wp\/v2\/pages\/16525","targetHints":{"allow":["GET"]}}],"collection":[{"href":"https:\/\/www.cybarverse.eu\/mt\/wp-json\/wp\/v2\/pages"}],"about":[{"href":"https:\/\/www.cybarverse.eu\/mt\/wp-json\/wp\/v2\/types\/page"}],"author":[{"embeddable":true,"href":"https:\/\/www.cybarverse.eu\/mt\/wp-json\/wp\/v2\/users\/1"}],"replies":[{"embeddable":true,"href":"https:\/\/www.cybarverse.eu\/mt\/wp-json\/wp\/v2\/comments?post=16525"}],"version-history":[{"count":16,"href":"https:\/\/www.cybarverse.eu\/mt\/wp-json\/wp\/v2\/pages\/16525\/revisions"}],"predecessor-version":[{"id":18957,"href":"https:\/\/www.cybarverse.eu\/mt\/wp-json\/wp\/v2\/pages\/16525\/revisions\/18957"}],"wp:attachment":[{"href":"https:\/\/www.cybarverse.eu\/mt\/wp-json\/wp\/v2\/media?parent=16525"}],"curies":[{"name":"wp","href":"https:\/\/api.w.org\/{rel}","templated":true}]}}